{"id":158,"date":"2023-02-28T12:33:48","date_gmt":"2023-02-28T11:33:48","guid":{"rendered":"http:\/\/strahlenberger.knocky.net\/?page_id=158"},"modified":"2023-02-28T16:30:55","modified_gmt":"2023-02-28T15:30:55","slug":"vereinsmeisterschaft-2023","status":"publish","type":"page","link":"http:\/\/www.strahlenberger.de\/?page_id=158","title":{"rendered":"Vereinsmeisterschaft 2023"},"content":{"rendered":"\n<div class=\"wp-block-buttons is-layout-flex wp-block-buttons-is-layout-flex\">\n<div class=\"wp-block-button\"><a class=\"wp-block-button__link wp-element-button\" href=\"#_VR\">Vorrunde<\/a><\/div>\n\n\n\n<div class=\"wp-block-button\"><a class=\"wp-block-button__link wp-element-button\" href=\"#_LL\">Lucky Loser-Runde<\/a><\/div>\n\n\n\n<div class=\"wp-block-button\"><a class=\"wp-block-button__link wp-element-button\" href=\"#_FR\">Final-Runde<\/a><\/div>\n<\/div>\n\n\n\n<p>&nbsp;<\/p>\n\n\n\n<h3 class=\"wp-block-heading\" id=\"_VR\">Vorrunde<\/h3>\n\n\n\n<div class=\"wp-block-columns is-layout-flex wp-container-core-columns-is-layout-9d6595d7 wp-block-columns-is-layout-flex\">\n<div class=\"wp-block-column is-layout-flow wp-block-column-is-layout-flow\">\n<table id=\"tablepress-1\" class=\"tablepress tablepress-id-1 tbody-has-connected-cells\">\n<tbody class=\"row-striping row-hover\">\n<tr class=\"row-1\">\n\t<td colspan=\"3\" class=\"column-1\"><strong>GRUPPE 1<\/strong><br \/>\n10.02.2023 - 19:45 Uhr<\/td>\n<\/tr>\n<tr class=\"row-2\">\n\t<td class=\"column-1\">1<\/td><td class=\"column-2\">Marc Wenthe<\/td><td class=\"column-3\">P 6:0<br \/>\nL 6:0<\/td>\n<\/tr>\n<tr class=\"row-3\">\n\t<td class=\"column-1\">2<\/td><td class=\"column-2\">Karsten Topolar*<\/td><td class=\"column-3\">P 4:2<br \/>\nL 4:3<\/td>\n<\/tr>\n<tr class=\"row-4\">\n\t<td class=\"column-1\">3<\/td><td class=\"column-2\">Robert Mohr<\/td><td class=\"column-3\">P 0:6<br \/>\nL 1:6<\/td>\n<\/tr>\n<tr class=\"row-5\">\n\t<td class=\"column-1\">4<\/td><td class=\"column-2\">Ertan Aymirgen<\/td><td class=\"column-3\">P 0:6<br \/>\nL 0:6<\/td>\n<\/tr>\n<\/tbody>\n<\/table>\n<!-- #tablepress-1 from cache -->\n<\/div>\n\n\n\n<div class=\"wp-block-column is-layout-flow wp-block-column-is-layout-flow\">\n<table id=\"tablepress-2\" class=\"tablepress tablepress-id-2 tbody-has-connected-cells\">\n<tbody class=\"row-striping row-hover\">\n<tr class=\"row-1\">\n\t<td colspan=\"3\" class=\"column-1\"><strong>GRUPPE 2<\/strong><br \/>\n10.02.2023 - 16:15 Uhr<\/td>\n<\/tr>\n<tr class=\"row-2\">\n\t<td class=\"column-1\">1<\/td><td class=\"column-2\">Max Mayr<\/td><td class=\"column-3\">P 6:0<br \/>\nL 6:0<\/td>\n<\/tr>\n<tr class=\"row-3\">\n\t<td class=\"column-1\">2<\/td><td class=\"column-2\">Rouven Langenbach<\/td><td class=\"column-3\">P 4:2<br \/>\nL 5:2<\/td>\n<\/tr>\n<tr class=\"row-4\">\n\t<td class=\"column-1\">3<\/td><td class=\"column-2\">Sven Janssen*<\/td><td class=\"column-3\">P 2:4<br \/>\nL 2:4<\/td>\n<\/tr>\n<tr class=\"row-5\">\n\t<td class=\"column-1\">4<\/td><td class=\"column-2\">Philipp Schikarsky<\/td><td class=\"column-3\">P 0:6<br \/>\nL 0:6<\/td>\n<\/tr>\n<\/tbody>\n<\/table>\n<!-- #tablepress-2 from cache -->\n<\/div>\n<\/div>\n\n\n\n<div class=\"wp-block-columns is-layout-flex wp-container-core-columns-is-layout-9d6595d7 wp-block-columns-is-layout-flex\">\n<div class=\"wp-block-column is-layout-flow wp-block-column-is-layout-flow\">\n<table id=\"tablepress-3\" class=\"tablepress tablepress-id-3 tbody-has-connected-cells\">\n<tbody class=\"row-striping row-hover\">\n<tr class=\"row-1\">\n\t<td colspan=\"3\" class=\"column-1\"><strong>GRUPPE 3<\/strong><br \/>\n10.02.2023 - 18:00 Uhr<\/td>\n<\/tr>\n<tr class=\"row-2\">\n\t<td class=\"column-1\">1<\/td><td class=\"column-2\">Benno Edelmann<\/td><td class=\"column-3\">P 4:2<br \/>\nL 5:2<\/td>\n<\/tr>\n<tr class=\"row-3\">\n\t<td class=\"column-1\">2<\/td><td class=\"column-2\">Steven Lange<\/td><td class=\"column-3\">P 4:2<br \/>\nL 5:3<\/td>\n<\/tr>\n<tr class=\"row-4\">\n\t<td class=\"column-1\">3<\/td><td class=\"column-2\">Siggi Kaufmes<\/td><td class=\"column-3\">P 2:4<br \/>\nL 3:5<\/td>\n<\/tr>\n<tr class=\"row-5\">\n\t<td class=\"column-1\">4<\/td><td class=\"column-2\">Andreas Ortmann<\/td><td class=\"column-3\">P 2:4<br \/>\nL 2:5<\/td>\n<\/tr>\n<\/tbody>\n<\/table>\n<!-- #tablepress-3 from cache -->\n<\/div>\n\n\n\n<div class=\"wp-block-column is-layout-flow wp-block-column-is-layout-flow\">\n<table id=\"tablepress-4\" class=\"tablepress tablepress-id-4 tbody-has-connected-cells\">\n<tbody class=\"row-striping row-hover\">\n<tr class=\"row-1\">\n\t<td colspan=\"3\" class=\"column-1\"><strong>GRUPPE 4<\/strong><br \/>\n10.02.2023 - 17:50 Uhr<\/td>\n<\/tr>\n<tr class=\"row-2\">\n\t<td class=\"column-1\">1<\/td><td class=\"column-2\">Simon Gaa<\/td><td class=\"column-3\">P 6:0<br \/>\nL 5:1<\/td>\n<\/tr>\n<tr class=\"row-3\">\n\t<td class=\"column-1\">2<\/td><td class=\"column-2\">Horst Lange<\/td><td class=\"column-3\">P 4:2<br \/>\nL 4:4<\/td>\n<\/tr>\n<tr class=\"row-4\">\n\t<td class=\"column-1\">3<\/td><td class=\"column-2\">Uwe Meier<\/td><td class=\"column-3\">P 2:4<br \/>\nL 5:3<\/td>\n<\/tr>\n<tr class=\"row-5\">\n\t<td class=\"column-1\">4<\/td><td class=\"column-2\">Marcus D\u00f6rr<\/td><td class=\"column-3\">P 0:6<br \/>\nL 1:6<\/td>\n<\/tr>\n<\/tbody>\n<\/table>\n<!-- #tablepress-4 from cache -->\n<\/div>\n<\/div>\n\n\n\n<div class=\"wp-block-columns is-layout-flex wp-container-core-columns-is-layout-9d6595d7 wp-block-columns-is-layout-flex\">\n<div class=\"wp-block-column is-layout-flow wp-block-column-is-layout-flow\">\n<table id=\"tablepress-5\" class=\"tablepress tablepress-id-5 tbody-has-connected-cells\">\n<tbody class=\"row-striping row-hover\">\n<tr class=\"row-1\">\n\t<td colspan=\"3\" class=\"column-1\"><strong>GRUPPE 5<\/strong><br \/>\n10.02.2023 - 19:20 Uhr<\/td>\n<\/tr>\n<tr class=\"row-2\">\n\t<td class=\"column-1\">1<\/td><td class=\"column-2\">Fabian Zink<\/td><td class=\"column-3\">P 6:0<br \/>\nL 6:0<\/td>\n<\/tr>\n<tr class=\"row-3\">\n\t<td class=\"column-1\">2<\/td><td class=\"column-2\">Luca Adamietz<\/td><td class=\"column-3\">P 2:4<br \/>\nL 3:4<\/td>\n<\/tr>\n<tr class=\"row-4\">\n\t<td class=\"column-1\">3<\/td><td class=\"column-2\">Sebastian Scharf*<\/td><td class=\"column-3\">P 2:4<br \/>\nL 3:5<\/td>\n<\/tr>\n<tr class=\"row-5\">\n\t<td class=\"column-1\">4<\/td><td class=\"column-2\">Jonas Ortmann<\/td><td class=\"column-3\">P 2:4<br \/>\nL 2:5<\/td>\n<\/tr>\n<\/tbody>\n<\/table>\n<!-- #tablepress-5 from cache -->\n<\/div>\n\n\n\n<div class=\"wp-block-column is-layout-flow wp-block-column-is-layout-flow\">\n<table id=\"tablepress-6\" class=\"tablepress tablepress-id-6 tbody-has-connected-cells\">\n<tbody class=\"row-striping row-hover\">\n<tr class=\"row-1\">\n\t<td colspan=\"3\" class=\"column-1\"><strong>GRUPPE 6<\/strong><br \/>\n10.02.2023 - 16:15 Uhr<\/td>\n<\/tr>\n<tr class=\"row-2\">\n\t<td class=\"column-1\">1<\/td><td class=\"column-2\">Martin Gr\u00fcber<\/td><td class=\"column-3\">P 4:2<br \/>\nL 5:3<\/td>\n<\/tr>\n<tr class=\"row-3\">\n\t<td class=\"column-1\">2<\/td><td class=\"column-2\">Marek Zwolinski<\/td><td class=\"column-3\">P 4:2<br \/>\nL 5:3<\/td>\n<\/tr>\n<tr class=\"row-4\">\n\t<td class=\"column-1\">3<\/td><td class=\"column-2\">Susanne Ortmann<\/td><td class=\"column-3\">P 2:4<br \/>\nL 3:4<\/td>\n<\/tr>\n<tr class=\"row-5\">\n\t<td class=\"column-1\">4<\/td><td class=\"column-2\">Klaus Pechwitz<\/td><td class=\"column-3\">P 2:4<br \/>\nL 2:5<\/td>\n<\/tr>\n<\/tbody>\n<\/table>\n<!-- #tablepress-6 from cache -->\n<\/div>\n<\/div>\n\n\n\n<div class=\"wp-block-columns is-layout-flex wp-container-core-columns-is-layout-9d6595d7 wp-block-columns-is-layout-flex\">\n<div class=\"wp-block-column is-layout-flow wp-block-column-is-layout-flow\">\n<table id=\"tablepress-7\" class=\"tablepress tablepress-id-7 tbody-has-connected-cells\">\n<tbody class=\"row-striping row-hover\">\n<tr class=\"row-1\">\n\t<td colspan=\"3\" class=\"column-1\"><strong>GRUPPE 7<\/strong><br \/>\n11.02.2023 - 15:05 Uhr<\/td>\n<\/tr>\n<tr class=\"row-2\">\n\t<td class=\"column-1\">1<\/td><td class=\"column-2\">Peter Klotz<\/td><td class=\"column-3\">P 6:0<br \/>\nL 6:0<\/td>\n<\/tr>\n<tr class=\"row-3\">\n\t<td class=\"column-1\">2<\/td><td class=\"column-2\">Jochen Krusenbaum<\/td><td class=\"column-3\">P 4:2<br \/>\nL 4:2<\/td>\n<\/tr>\n<tr class=\"row-4\">\n\t<td class=\"column-1\">3<\/td><td class=\"column-2\">Harry St\u00f6hr<\/td><td class=\"column-3\">P 2:4<br \/>\nL 2:4<\/td>\n<\/tr>\n<tr class=\"row-5\">\n\t<td class=\"column-1\">4<\/td><td class=\"column-2\">Julius Kuhmann<\/td><td class=\"column-3\">P 0:6<br \/>\nL 0:6<\/td>\n<\/tr>\n<\/tbody>\n<\/table>\n<!-- #tablepress-7 from cache -->\n<\/div>\n\n\n\n<div class=\"wp-block-column is-layout-flow wp-block-column-is-layout-flow\" id=\"_LL\"><\/div>\n<\/div>\n\n\n\n<p>* Ersatz-Teilnehmer f\u00fcr ausgefallene Spieler    <\/p>\n\n\n\n<p>&nbsp;<\/p>\n\n\n\n<h3 class=\"wp-block-heading\">Lucky Loser-Runde<\/h3>\n\n\n\n<p class=\"has-text-align-center\"><strong>SPIEL \u00dcBER 5 GEWINNS\u00c4TZE<\/strong><\/p>\n\n\n\n<p><\/p>\n\n\n\n<div class=\"wp-block-columns is-layout-flex wp-container-core-columns-is-layout-9d6595d7 wp-block-columns-is-layout-flex\">\n<div class=\"wp-block-column is-layout-flow wp-block-column-is-layout-flow\">\n<table id=\"tablepress-8\" class=\"tablepress tablepress-id-8 tbody-has-connected-cells\">\n<tbody>\n<tr class=\"row-1\">\n\t<td class=\"column-1\">1.Paarung<\/td><td colspan=\"2\" class=\"column-2\">11.02.2023 - 16:25 Uhr<\/td>\n<\/tr>\n<tr class=\"row-2\">\n\t<td class=\"column-1\">Robert Mohr<\/td><td class=\"column-2\">Siggi Kaufmes<\/td><td class=\"column-3\">1:5<\/td>\n<\/tr>\n<tr class=\"row-3\">\n\t<td class=\"column-1\"><\/td><td class=\"column-2\"><\/td><td class=\"column-3\"><\/td>\n<\/tr>\n<tr class=\"row-4\">\n\t<td class=\"column-1\">3.Paarung<\/td><td colspan=\"2\" class=\"column-2\">11.02.2023 - 17:15 Uhr<\/td>\n<\/tr>\n<tr class=\"row-5\">\n\t<td class=\"column-1\">Harry St\u00f6hr<\/td><td class=\"column-2\">Marcus D\u00f6rr<\/td><td class=\"column-3\">4:5<\/td>\n<\/tr>\n<tr class=\"row-6\">\n\t<td class=\"column-1\"><\/td><td class=\"column-2\"><\/td><td class=\"column-3\"><\/td>\n<\/tr>\n<tr class=\"row-7\">\n\t<td class=\"column-1\">5.Paarung<\/td><td colspan=\"2\" class=\"column-2\">11.02.2023 - 17:35 Uhr<\/td>\n<\/tr>\n<tr class=\"row-8\">\n\t<td class=\"column-1\">Uwe Meier<\/td><td class=\"column-2\">Julius Kuhmann (n.a.)<\/td><td class=\"column-3\">5:0<\/td>\n<\/tr>\n<tr class=\"row-9\">\n\t<td class=\"column-1\"><\/td><td class=\"column-2\"><\/td><td class=\"column-3\"><\/td>\n<\/tr>\n<tr class=\"row-10\">\n\t<td class=\"column-1\">7.Paarung<\/td><td class=\"column-2\"><\/td><td class=\"column-3\"><\/td>\n<\/tr>\n<tr class=\"row-11\">\n\t<td class=\"column-1\">Spieler (n.a.)<\/td><td class=\"column-2\">Spieler (n.a.)<\/td><td class=\"column-3\">-:-<\/td>\n<\/tr>\n<\/tbody>\n<\/table>\n<!-- #tablepress-8 from cache -->\n<\/div>\n\n\n\n<div class=\"wp-block-column is-layout-flow wp-block-column-is-layout-flow\">\n<table id=\"tablepress-9\" class=\"tablepress tablepress-id-9 tbody-has-connected-cells\">\n<tbody>\n<tr class=\"row-1\">\n\t<td class=\"column-1\">2.Paarung<\/td><td colspan=\"2\" class=\"column-2\">11.02.2023 - 16:25 Uhr<\/td>\n<\/tr>\n<tr class=\"row-2\">\n\t<td class=\"column-1\">Susanne Ortmann<\/td><td class=\"column-2\">Philipp Schikarsky<\/td><td class=\"column-3\">5:4<\/td>\n<\/tr>\n<tr class=\"row-3\">\n\t<td class=\"column-1\"><\/td><td class=\"column-2\"><\/td><td class=\"column-3\"><\/td>\n<\/tr>\n<tr class=\"row-4\">\n\t<td class=\"column-1\">4.Paarung<\/td><td colspan=\"2\" class=\"column-2\">11.02.2023 - 17:35 Uhr<\/td>\n<\/tr>\n<tr class=\"row-5\">\n\t<td class=\"column-1\">Andreas Ortmann<\/td><td class=\"column-2\">Klaus Pechwitz<\/td><td class=\"column-3\">5:2<\/td>\n<\/tr>\n<tr class=\"row-6\">\n\t<td class=\"column-1\"><\/td><td class=\"column-2\"><\/td><td class=\"column-3\"><\/td>\n<\/tr>\n<tr class=\"row-7\">\n\t<td class=\"column-1\">6.Paarung<\/td><td colspan=\"2\" class=\"column-2\"><\/td>\n<\/tr>\n<tr class=\"row-8\">\n\t<td class=\"column-1\">Spieler (n.a.)<\/td><td class=\"column-2\">Spieler (n.a.)<\/td><td class=\"column-3\">-:-<\/td>\n<\/tr>\n<tr class=\"row-9\">\n\t<td class=\"column-1\"><\/td><td class=\"column-2\"><\/td><td class=\"column-3\"><\/td>\n<\/tr>\n<\/tbody>\n<\/table>\n<!-- #tablepress-9 from cache -->\n<\/div>\n<\/div>\n\n\n\n<p><sup>n.a. = nicht angetreten<\/sup><\/p>\n\n\n\n<p class=\"has-text-align-center\"><strong>PLAY-OFF &#8211; BEST OF 3<\/strong><\/p>\n\n\n\n<div class=\"wp-block-columns is-layout-flex wp-container-core-columns-is-layout-9d6595d7 wp-block-columns-is-layout-flex\">\n<div class=\"wp-block-column is-layout-flow wp-block-column-is-layout-flow\">\n<table id=\"tablepress-10\" class=\"tablepress tablepress-id-10 tbody-has-connected-cells\">\n<tbody>\n<tr class=\"row-1\">\n\t<td class=\"column-1\">1.Paarung<\/td><td colspan=\"2\" class=\"column-2\">11.02.2023 - 18:15 Uhr<\/td>\n<\/tr>\n<tr class=\"row-2\">\n\t<td class=\"column-1\">Andreas Ortmann<\/td><td class=\"column-2\">Philipp Schikarsky<\/td><td class=\"column-3\">3:0<\/td>\n<\/tr>\n<tr class=\"row-3\">\n\t<td class=\"column-1\"><\/td><td class=\"column-2\"><\/td><td class=\"column-3\"><\/td>\n<\/tr>\n<tr class=\"row-4\">\n\t<td class=\"column-1\">2.Paarung<\/td><td colspan=\"2\" class=\"column-2\">11.02.2023 - 18:15 Uhr<\/td>\n<\/tr>\n<tr class=\"row-5\">\n\t<td class=\"column-1\">Marcus D\u00f6rr<\/td><td class=\"column-2\">Susanne Ortmann<\/td><td class=\"column-3\">3:0<\/td>\n<\/tr>\n<tr class=\"row-6\">\n\t<td class=\"column-1\"><\/td><td class=\"column-2\"><\/td><td class=\"column-3\"><\/td>\n<\/tr>\n<tr class=\"row-7\">\n\t<td class=\"column-1\">3.Paarung<\/td><td colspan=\"2\" class=\"column-2\">11.02.2023 - 18:25 Uhr<\/td>\n<\/tr>\n<tr class=\"row-8\">\n\t<td class=\"column-1\">Siggi Kaufmes<\/td><td class=\"column-2\">Klaus Pechwitz<\/td><td class=\"column-3\">3:1<\/td>\n<\/tr>\n<tr class=\"row-9\">\n\t<td class=\"column-1\"><\/td><td class=\"column-2\"><\/td><td class=\"column-3\"><\/td>\n<\/tr>\n<tr class=\"row-10\">\n\t<td class=\"column-1\">4.Paarung<\/td><td colspan=\"2\" class=\"column-2\">11.02.2023 - 18:30 Uhr<\/td>\n<\/tr>\n<tr class=\"row-11\">\n\t<td class=\"column-1\">Uwe Meier<\/td><td class=\"column-2\">Harry St\u00f6hr<\/td><td class=\"column-3\">1:3<\/td>\n<\/tr>\n<tr class=\"row-12\">\n\t<td class=\"column-1\"><\/td><td class=\"column-2\"><\/td><td class=\"column-3\"><\/td>\n<\/tr>\n<\/tbody>\n<\/table>\n<!-- #tablepress-10 from cache -->\n<\/div>\n\n\n\n<div class=\"wp-block-column is-layout-flow wp-block-column-is-layout-flow\">\n<table id=\"tablepress-11\" class=\"tablepress tablepress-id-11 tbody-has-connected-cells\">\n<tbody>\n<tr class=\"row-1\">\n\t<td class=\"column-1\">1.Paarung<\/td><td colspan=\"2\" class=\"column-2\">11.02.2023 - 19:00 Uhr<\/td>\n<\/tr>\n<tr class=\"row-2\">\n\t<td class=\"column-1\">Harry St\u00f6hr<\/td><td class=\"column-2\">Andreas Ortmann<\/td><td class=\"column-3\">0:3<\/td>\n<\/tr>\n<tr class=\"row-3\">\n\t<td class=\"column-1\"><\/td><td class=\"column-2\"><\/td><td class=\"column-3\"><\/td>\n<\/tr>\n<tr class=\"row-4\">\n\t<td class=\"column-1\">2.Paarung<\/td><td colspan=\"2\" class=\"column-2\">11.02.2023 - 19:00 Uhr<\/td>\n<\/tr>\n<tr class=\"row-5\">\n\t<td class=\"column-1\">Marcus D\u00f6rr<\/td><td class=\"column-2\">Siegfried Kaufmes<\/td><td class=\"column-3\">3:2<\/td>\n<\/tr>\n<tr class=\"row-6\">\n\t<td class=\"column-1\"><\/td><td class=\"column-2\"><\/td><td class=\"column-3\"><\/td>\n<\/tr>\n<\/tbody>\n<\/table>\n<!-- #tablepress-11 from cache -->\n<\/div>\n<\/div>\n\n\n\n<p id=\"_FR\">&nbsp;<\/p>\n\n\n\n<h3 class=\"wp-block-heading\">Final-Runde<\/h3>\n\n\n\n<div class=\"wp-block-columns is-layout-flex wp-container-core-columns-is-layout-9d6595d7 wp-block-columns-is-layout-flex\">\n<div class=\"wp-block-column is-layout-flow wp-block-column-is-layout-flow\">\n<table id=\"tablepress-12\" class=\"tablepress tablepress-id-12 tbody-has-connected-cells\">\n<tbody>\n<tr class=\"row-1\">\n\t<td colspan=\"7\" class=\"column-1\"><strong>ACHTELFINALE (BEST OF 7)<\/strong><\/td>\n<\/tr>\n<tr class=\"row-2\">\n\t<td colspan=\"3\" class=\"column-1\">12.02.2023 - 14:10 Uhr<\/td><td rowspan=\"9\" class=\"column-4\"><\/td><td colspan=\"3\" class=\"column-5\">12.02.2023 - 14:00 Uhr<\/td>\n<\/tr>\n<tr class=\"row-3\">\n\t<td class=\"column-1\">Steven Lange<\/td><td class=\"column-2\">Luca Adamietz<\/td><td class=\"column-3\">4:3<\/td><td class=\"column-5\">Simon Gaa<\/td><td class=\"column-6\">Peter Klotz<\/td><td class=\"column-7\">4:2<\/td>\n<\/tr>\n<tr class=\"row-4\">\n\t<td colspan=\"3\" class=\"column-1\">12.02.2023 - 14:30 Uhr<\/td><td colspan=\"3\" class=\"column-5\">12.02.2023 - 14:45 Uhr<\/td>\n<\/tr>\n<tr class=\"row-5\">\n\t<td class=\"column-1\">Fabian Zink<\/td><td class=\"column-2\">Marc Wenthe<\/td><td class=\"column-3\">4:3<\/td><td class=\"column-5\">Marcus D\u00f6rr<\/td><td class=\"column-6\">Jochen Krusenbaum<\/td><td class=\"column-7\">4:3<\/td>\n<\/tr>\n<tr class=\"row-6\">\n\t<td colspan=\"3\" class=\"column-1\">12.02.2023 - 15:10 Uhr<\/td><td colspan=\"3\" class=\"column-5\">12.02.2023 - 15:30<\/td>\n<\/tr>\n<tr class=\"row-7\">\n\t<td class=\"column-1\">Marek Zwolinski<\/td><td class=\"column-2\">Bernd Edelmann<\/td><td class=\"column-3\">4:1<\/td><td class=\"column-5\">Andreas Ortmann<\/td><td class=\"column-6\">Karsten Topolar<\/td><td class=\"column-7\">4:0<\/td>\n<\/tr>\n<tr class=\"row-8\">\n\t<td colspan=\"3\" class=\"column-1\">12.02.2023 - 15:30 Uhr<\/td><td colspan=\"3\" class=\"column-5\">12.02.2023 - 15:40 Uhr<\/td>\n<\/tr>\n<tr class=\"row-9\">\n\t<td class=\"column-1\">Martin Gr\u00fcber<\/td><td class=\"column-2\">Max Mayr<\/td><td class=\"column-3\">4:2<\/td><td class=\"column-5\">Rouven Langenbach<\/td><td class=\"column-6\">Horst Lange<\/td><td class=\"column-7\">4:1<\/td>\n<\/tr>\n<tr class=\"row-10\">\n\t<td class=\"column-1\"><\/td><td class=\"column-2\"><\/td><td class=\"column-3\"><\/td><td class=\"column-5\"><\/td><td class=\"column-6\"><\/td><td class=\"column-7\"><\/td>\n<\/tr>\n<tr class=\"row-11\">\n\t<td colspan=\"7\" class=\"column-1\"><strong>VIERTELFINALE (BEST OF 7)<\/strong><\/td>\n<\/tr>\n<tr class=\"row-12\">\n\t<td colspan=\"3\" class=\"column-1\">12.02.2023 - 16:10 Uhr<\/td><td rowspan=\"5\" class=\"column-4\"><\/td><td colspan=\"3\" class=\"column-5\">12.02.2023 - 16:10 Uhr<\/td>\n<\/tr>\n<tr class=\"row-13\">\n\t<td class=\"column-1\">Marek Zwolinski<\/td><td class=\"column-2\">Fabian Zink<\/td><td class=\"column-3\">4:3<\/td><td class=\"column-5\">Rouven Langenbach<\/td><td class=\"column-6\">Steven Lange<\/td><td class=\"column-7\">4:0<\/td>\n<\/tr>\n<tr class=\"row-14\">\n\t<td colspan=\"3\" class=\"column-1\">12.02.2023 - 16:20 Uhr<\/td><td colspan=\"3\" class=\"column-5\">12.02.2023 - 16:25 Uhr<\/td>\n<\/tr>\n<tr class=\"row-15\">\n\t<td class=\"column-1\">Andreas Ortmann<\/td><td class=\"column-2\">Martin Gr\u00fcber<\/td><td class=\"column-3\">4:3<\/td><td class=\"column-5\">Simon Gaa<\/td><td class=\"column-6\">Marcus D\u00f6rr<\/td><td class=\"column-7\">4:0<\/td>\n<\/tr>\n<tr class=\"row-16\">\n\t<td class=\"column-1\"><\/td><td class=\"column-2\"><\/td><td class=\"column-3\"><\/td><td class=\"column-5\"><\/td><td class=\"column-6\"><\/td><td class=\"column-7\"><\/td>\n<\/tr>\n<tr class=\"row-17\">\n\t<td colspan=\"7\" class=\"column-1\"><strong>HALBFINALE (BEST OF 9)<\/strong><\/td>\n<\/tr>\n<tr class=\"row-18\">\n\t<td colspan=\"3\" class=\"column-1\">12.02.2023 - 17:30 Uhr<\/td><td rowspan=\"3\" class=\"column-4\"><\/td><td colspan=\"3\" class=\"column-5\">12.02.2023 - 18:00 Uhr<\/td>\n<\/tr>\n<tr class=\"row-19\">\n\t<td class=\"column-1\">Rouven Langenbach<\/td><td class=\"column-2\">Marek Zwolinski<\/td><td class=\"column-3\">5:2<\/td><td class=\"column-5\">Andreas Ortmann<\/td><td class=\"column-6\">Simon Gaa<\/td><td class=\"column-7\">5:2<\/td>\n<\/tr>\n<tr class=\"row-20\">\n\t<td class=\"column-1\"><\/td><td class=\"column-2\"><\/td><td class=\"column-3\"><\/td><td class=\"column-5\"><\/td><td class=\"column-6\"><\/td><td class=\"column-7\"><\/td>\n<\/tr>\n<tr class=\"row-21\">\n\t<td colspan=\"3\" class=\"column-1\"><strong>SPIEL UM PLATZ 3 (BEST OF 9)<\/strong><\/td><td rowspan=\"3\" class=\"column-4\"><\/td><td colspan=\"3\" class=\"column-5\"><strong>FINALE (BEST OF 9)<\/strong><\/td>\n<\/tr>\n<tr class=\"row-22\">\n\t<td colspan=\"3\" class=\"column-1\">12.02.2023 - 18:20 Uhr<\/td><td colspan=\"3\" class=\"column-5\">12.02.2023 - 18:45 Uhr<\/td>\n<\/tr>\n<tr class=\"row-23\">\n\t<td class=\"column-1\">Marek Zwolinski<\/td><td class=\"column-2\">Simon Gaa<\/td><td class=\"column-3\">5:4<\/td><td class=\"column-5\">Rouven Langenbach<\/td><td class=\"column-6\">Andreas Ortmann<\/td><td class=\"column-7\">5:3<\/td>\n<\/tr>\n<tr class=\"row-24\">\n\t<td class=\"column-1\"><\/td><td class=\"column-2\"><\/td><td class=\"column-3\"><\/td><td class=\"column-4\"><\/td><td class=\"column-5\"><\/td><td class=\"column-6\"><\/td><td class=\"column-7\"><\/td>\n<\/tr>\n<\/tbody>\n<\/table>\n<!-- #tablepress-12 from cache -->\n<\/div>\n<\/div>\n","protected":false},"excerpt":{"rendered":"<p>&nbsp; Vorrunde * Ersatz-Teilnehmer f\u00fcr ausgefallene Spieler &nbsp; Lucky Loser-Runde SPIEL \u00dcBER 5 GEWINNS\u00c4TZE n.a. = nicht angetreten PLAY-OFF &#8211; BEST OF 3 &nbsp; Final-Runde<\/p>\n","protected":false},"author":1,"featured_media":0,"parent":0,"menu_order":0,"comment_status":"closed","ping_status":"closed","template":"","meta":{"footnotes":""},"class_list":["post-158","page","type-page","status-publish","hentry"],"_links":{"self":[{"href":"http:\/\/www.strahlenberger.de\/index.php?rest_route=\/wp\/v2\/pages\/158","targetHints":{"allow":["GET"]}}],"collection":[{"href":"http:\/\/www.strahlenberger.de\/index.php?rest_route=\/wp\/v2\/pages"}],"about":[{"href":"http:\/\/www.strahlenberger.de\/index.php?rest_route=\/wp\/v2\/types\/page"}],"author":[{"embeddable":true,"href":"http:\/\/www.strahlenberger.de\/index.php?rest_route=\/wp\/v2\/users\/1"}],"replies":[{"embeddable":true,"href":"http:\/\/www.strahlenberger.de\/index.php?rest_route=%2Fwp%2Fv2%2Fcomments&post=158"}],"version-history":[{"count":27,"href":"http:\/\/www.strahlenberger.de\/index.php?rest_route=\/wp\/v2\/pages\/158\/revisions"}],"predecessor-version":[{"id":243,"href":"http:\/\/www.strahlenberger.de\/index.php?rest_route=\/wp\/v2\/pages\/158\/revisions\/243"}],"wp:attachment":[{"href":"http:\/\/www.strahlenberger.de\/index.php?rest_route=%2Fwp%2Fv2%2Fmedia&parent=158"}],"curies":[{"name":"wp","href":"https:\/\/api.w.org\/{rel}","templated":true}]}}