{"id":38,"date":"2023-02-26T10:54:00","date_gmt":"2023-02-26T09:54:00","guid":{"rendered":"http:\/\/strahlenberger.knocky.net\/?page_id=38"},"modified":"2026-02-22T14:17:40","modified_gmt":"2026-02-22T13:17:40","slug":"der-verein","status":"publish","type":"page","link":"https:\/\/www.strahlenberger.de\/?page_id=38","title":{"rendered":"\u00dcber uns"},"content":{"rendered":"\n<p>Unser Logo<\/p>\n\n\n\n<figure class=\"wp-block-image size-large is-resized\"><img fetchpriority=\"high\" decoding=\"async\" width=\"1024\" height=\"1024\" src=\"http:\/\/www.strahlenberger.de\/wp-content\/uploads\/2026\/02\/DC_Logo3-1024x1024.jpeg\" alt=\"\" class=\"wp-image-2082\" style=\"width:425px;height:auto\" srcset=\"https:\/\/www.strahlenberger.de\/wp-content\/uploads\/2026\/02\/DC_Logo3-1024x1024.jpeg 1024w, https:\/\/www.strahlenberger.de\/wp-content\/uploads\/2026\/02\/DC_Logo3-300x300.jpeg 300w, https:\/\/www.strahlenberger.de\/wp-content\/uploads\/2026\/02\/DC_Logo3-150x150.jpeg 150w, https:\/\/www.strahlenberger.de\/wp-content\/uploads\/2026\/02\/DC_Logo3-768x768.jpeg 768w, https:\/\/www.strahlenberger.de\/wp-content\/uploads\/2026\/02\/DC_Logo3-1536x1536.jpeg 1536w, https:\/\/www.strahlenberger.de\/wp-content\/uploads\/2026\/02\/DC_Logo3-2048x2048.jpeg 2048w\" sizes=\"(max-width: 1024px) 100vw, 1024px\" \/><\/figure>\n\n\n<p><a tabindex=\"0\">Unsere Geschichte<\/a><\/p>\n<p>Am 28. November 2021 fanden sich 21 Personen in der damaligen Gastronomie \u201ebaRock\u201c zur Gr\u00fcndungssitzung unseres Vereins zusammen. Zuvor existierte dort bereits ein regelm\u00e4\u00dfiger, aber formloser Darts-Treff. An diesem Tag wurde ein Vorstand gew\u00e4hlt und unsere Vereinssatzung ausgearbeitet. Diese wurde in ihrer finalen Fassung am 15.12.2021 durch die Gr\u00fcndungsmitglieder unterzeichnet.<\/p>\n<p>Am 14.02.2022 wurden wir als <i><b>1. Strahlenberger DC 2021 e.V.<\/b><\/i> \u2013 in namentlicher Erinnerung an das alte Schriesemer Adelsgeschlecht \u2013 vom Amtsgericht Mannheim in das Vereinsregister der Stadt Schriesheim eingetragen.<\/p>\n<p>Im M\u00e4rz 2022 \u00fcbernahm Bernd Edelmann die Gastronomie \u201ebaRock\u201c und f\u00fchrt diese seitdem unter dem Namen \u201eBenno\u2019s Bar\u201c weiter. Im hinteren Bereich der Gastronomie befindet sich der Trainingsbereich unseres Vereins.<\/p>\n<p><img decoding=\"async\" src=\"http:\/\/www.strahlenberger.de\/wp-content\/uploads\/2023\/03\/Gruendungssitzung.jpg\" alt=\"Gr\u00fcndungssitzung\" width=\"500px\" \/><\/p>\n<p>Die Gr\u00fcndungssitzung<\/p>\n<p><a tabindex=\"0\">Der Vorstand<\/a><br \/>Den Vorstand unseres Vereins bilden aktuell folgende Personen:<\/p>\n<ul>\n<li><strong>1. Vorsitzender<\/strong><br \/>Horst Lange<\/li>\n<li><strong>2. Vorsitzender<\/strong><br \/>Karsten Topolar<\/li>\n<li><strong>Vorstandsmitglied \u201eSport\u201c<\/strong><br \/>Simon Gaa<\/li>\n<li><strong>Schatzmeister<\/strong><br \/>Marc Wenthe<\/li>\n<li><strong>Schriftf\u00fchrer \/ Pressewart<\/strong><br \/>Domenico Scarnato<\/li>\n<\/ul>\n<p><a tabindex=\"0\">Kapit\u00e4ne<\/a><\/p>\n<p><strong>Strahlenberger I<\/strong><\/p>\n<p>Kapit\u00e4ne:<\/p>\n<p>Simon Gaa<\/p>\n<p>Marco Mildenberger<\/p>\n<p><strong>Strahlenberger II<\/strong><\/p>\n<p>Kapit\u00e4ne:<\/p>\n<p>Kevin Nitschke<\/p>\n<p>Marco Weber<\/p>\n<p><a tabindex=\"0\">Spiel- und Trainingsst\u00e4tte<\/a><\/p>\n<p>Bei uns wird Steel-Darts gespielt. Aktuell verf\u00fcgt der Verein \u00fcber zwei hochwertige Sisal-Boards an denen das selbst-rechnende SCOLIA\u2122-System eingesetzt wird. Dieses wertet \u00fcber drei um die jeweilige Scheibe installierte Kameras die erzielten Punkte der Spieler in Echtzeit aus und zeigt diese auf Monitoren an.<br \/>Bei Turnieren steht zum \u201eAufw\u00e4rmen\u201c ein drittes, \u201enormales\u201c Board zur Verf\u00fcgung.<\/p>\n<p><a href=\"http:\/\/www.strahlenberger.de\/?page_id=870\" target=\"_blank\" rel=\"noopener\">HIER EIN PLAN WIE IHR ZU UNS FINDET (klick)<\/a><\/p>\n<p><a tabindex=\"0\">Mitglied werden<\/a><\/p>\n<p>Mitglied unseres Vereins (den Auflagen des Landes Baden-W\u00fcrttemberg bzgl. \u201eJugendschutz in der Gastronomie\u201c geschuldet) kann jeder ab dem 18.Lebensjahr werden \u2026 hier arbeiten wir bereits an Optionen f\u00fcr unsere Jugend!<\/p>\n<p>Bis zum 31.12.2023 betr\u00e4gt der Monatsbeitrag f\u00fcr alle Mitglieder 1 EUR, welcher jahresweise berechnet wird.<br \/>Die Aufnahmegeb\u00fchr betr\u00e4gt einmalig 10 EUR.<\/p>\n<p>Ab dem 01.01.2024 wird die H\u00f6he der Beitr\u00e4ge gem\u00e4\u00df der am 08.04.2023 beschlossenen Beitragsordnung berechnet.<\/p>\n<p><a tabindex=\"0\">Mannschaften<\/a><\/p>\n<p>Akkordeon Inhalt<\/p>\n<h4>Dokumente<\/h4>\n<p><a href=\"http:\/\/www.strahlenberger.de\/wp-content\/uploads\/2023\/03\/Aufnahmeantrag.pdf\">Aufnahmeantrag<\/a><\/p>\n<p><a href=\"http:\/\/www.strahlenberger.de\/wp-content\/uploads\/2023\/03\/Satzung.pdf\">Satzung<\/a><\/p>\n<p><a href=\"http:\/\/www.strahlenberger.de\/wp-content\/uploads\/2023\/03\/Beitragsordnung.pdf\">Beitragsordnung (ab 01.01.2024)<\/a><\/p>\n\n\n<h2 class=\"wp-block-heading\">Die Teams<\/h2>\n\n\n\n<p class=\"has-text-align-center\"><strong><em>Kreisbezirksliga 1 Team<\/em><\/strong> <strong><em>Strahlenberger I<\/em><\/strong><\/p>\n\n\n\n<figure class=\"wp-block-gallery has-nested-images columns-default is-cropped wp-block-gallery-1 is-layout-flex wp-block-gallery-is-layout-flex\">\n<figure class=\"wp-block-image size-large\"><img decoding=\"async\" width=\"724\" height=\"1024\" data-id=\"1469\" src=\"https:\/\/www.strahlenberger.de\/wp-content\/uploads\/2025\/08\/IMG_1027-724x1024.png\" alt=\"\" class=\"wp-image-1469\" srcset=\"https:\/\/www.strahlenberger.de\/wp-content\/uploads\/2025\/08\/IMG_1027-724x1024.png 724w, https:\/\/www.strahlenberger.de\/wp-content\/uploads\/2025\/08\/IMG_1027-212x300.png 212w, https:\/\/www.strahlenberger.de\/wp-content\/uploads\/2025\/08\/IMG_1027-768x1086.png 768w, https:\/\/www.strahlenberger.de\/wp-content\/uploads\/2025\/08\/IMG_1027-1087x1536.png 1087w, https:\/\/www.strahlenberger.de\/wp-content\/uploads\/2025\/08\/IMG_1027.png 1415w\" sizes=\"(max-width: 724px) 100vw, 724px\" \/><\/figure>\n\n\n\n<figure class=\"wp-block-image size-large\"><img decoding=\"async\" width=\"724\" height=\"1024\" data-id=\"1463\" src=\"https:\/\/www.strahlenberger.de\/wp-content\/uploads\/2025\/08\/IMG_1039-724x1024.png\" alt=\"\" class=\"wp-image-1463\" srcset=\"https:\/\/www.strahlenberger.de\/wp-content\/uploads\/2025\/08\/IMG_1039-724x1024.png 724w, https:\/\/www.strahlenberger.de\/wp-content\/uploads\/2025\/08\/IMG_1039-212x300.png 212w, https:\/\/www.strahlenberger.de\/wp-content\/uploads\/2025\/08\/IMG_1039-768x1086.png 768w, https:\/\/www.strahlenberger.de\/wp-content\/uploads\/2025\/08\/IMG_1039-1087x1536.png 1087w, https:\/\/www.strahlenberger.de\/wp-content\/uploads\/2025\/08\/IMG_1039.png 1415w\" sizes=\"(max-width: 724px) 100vw, 724px\" \/><\/figure>\n<\/figure>\n\n\n\n<figure class=\"wp-block-gallery has-nested-images columns-default is-cropped wp-block-gallery-2 is-layout-flex wp-block-gallery-is-layout-flex\">\n<figure class=\"wp-block-image size-large\"><img loading=\"lazy\" decoding=\"async\" width=\"724\" height=\"1024\" data-id=\"1466\" src=\"https:\/\/www.strahlenberger.de\/wp-content\/uploads\/2025\/08\/IMG_1033-724x1024.png\" alt=\"\" class=\"wp-image-1466\" srcset=\"https:\/\/www.strahlenberger.de\/wp-content\/uploads\/2025\/08\/IMG_1033-724x1024.png 724w, https:\/\/www.strahlenberger.de\/wp-content\/uploads\/2025\/08\/IMG_1033-212x300.png 212w, https:\/\/www.strahlenberger.de\/wp-content\/uploads\/2025\/08\/IMG_1033-768x1086.png 768w, https:\/\/www.strahlenberger.de\/wp-content\/uploads\/2025\/08\/IMG_1033-1087x1536.png 1087w, https:\/\/www.strahlenberger.de\/wp-content\/uploads\/2025\/08\/IMG_1033.png 1415w\" sizes=\"(max-width: 724px) 100vw, 724px\" \/><\/figure>\n\n\n\n<figure class=\"wp-block-image size-large\"><img loading=\"lazy\" decoding=\"async\" width=\"724\" height=\"1024\" data-id=\"1467\" src=\"https:\/\/www.strahlenberger.de\/wp-content\/uploads\/2025\/08\/IMG_1031-724x1024.png\" alt=\"\" class=\"wp-image-1467\" srcset=\"https:\/\/www.strahlenberger.de\/wp-content\/uploads\/2025\/08\/IMG_1031-724x1024.png 724w, https:\/\/www.strahlenberger.de\/wp-content\/uploads\/2025\/08\/IMG_1031-212x300.png 212w, https:\/\/www.strahlenberger.de\/wp-content\/uploads\/2025\/08\/IMG_1031-768x1086.png 768w, https:\/\/www.strahlenberger.de\/wp-content\/uploads\/2025\/08\/IMG_1031-1087x1536.png 1087w, https:\/\/www.strahlenberger.de\/wp-content\/uploads\/2025\/08\/IMG_1031.png 1415w\" sizes=\"(max-width: 724px) 100vw, 724px\" \/><\/figure>\n<\/figure>\n\n\n\n<figure class=\"wp-block-gallery has-nested-images columns-default is-cropped wp-block-gallery-3 is-layout-flex wp-block-gallery-is-layout-flex\">\n<figure class=\"wp-block-image size-large\"><img loading=\"lazy\" decoding=\"async\" width=\"724\" height=\"1024\" data-id=\"1465\" src=\"https:\/\/www.strahlenberger.de\/wp-content\/uploads\/2025\/08\/IMG_1035-724x1024.png\" alt=\"\" class=\"wp-image-1465\" srcset=\"https:\/\/www.strahlenberger.de\/wp-content\/uploads\/2025\/08\/IMG_1035-724x1024.png 724w, https:\/\/www.strahlenberger.de\/wp-content\/uploads\/2025\/08\/IMG_1035-212x300.png 212w, https:\/\/www.strahlenberger.de\/wp-content\/uploads\/2025\/08\/IMG_1035-768x1086.png 768w, https:\/\/www.strahlenberger.de\/wp-content\/uploads\/2025\/08\/IMG_1035-1087x1536.png 1087w, https:\/\/www.strahlenberger.de\/wp-content\/uploads\/2025\/08\/IMG_1035.png 1415w\" sizes=\"(max-width: 724px) 100vw, 724px\" \/><\/figure>\n\n\n\n<figure class=\"wp-block-image size-large\"><img loading=\"lazy\" decoding=\"async\" width=\"683\" height=\"1024\" data-id=\"2077\" src=\"https:\/\/www.strahlenberger.de\/wp-content\/uploads\/2026\/02\/IMG_1037-edited-683x1024.png\" alt=\"\" class=\"wp-image-2077\" srcset=\"https:\/\/www.strahlenberger.de\/wp-content\/uploads\/2026\/02\/IMG_1037-edited-683x1024.png 683w, https:\/\/www.strahlenberger.de\/wp-content\/uploads\/2026\/02\/IMG_1037-edited-200x300.png 200w, https:\/\/www.strahlenberger.de\/wp-content\/uploads\/2026\/02\/IMG_1037-edited-768x1151.png 768w, https:\/\/www.strahlenberger.de\/wp-content\/uploads\/2026\/02\/IMG_1037-edited-1025x1536.png 1025w, https:\/\/www.strahlenberger.de\/wp-content\/uploads\/2026\/02\/IMG_1037-edited.png 1334w\" sizes=\"(max-width: 683px) 100vw, 683px\" \/><\/figure>\n<\/figure>\n\n\n\n<figure class=\"wp-block-gallery has-nested-images columns-default is-cropped wp-block-gallery-4 is-layout-flex wp-block-gallery-is-layout-flex\">\n<figure class=\"wp-block-image size-large\"><img loading=\"lazy\" decoding=\"async\" width=\"724\" height=\"1024\" data-id=\"1462\" src=\"https:\/\/www.strahlenberger.de\/wp-content\/uploads\/2025\/08\/IMG_1041-724x1024.png\" alt=\"\" class=\"wp-image-1462\" srcset=\"https:\/\/www.strahlenberger.de\/wp-content\/uploads\/2025\/08\/IMG_1041-724x1024.png 724w, https:\/\/www.strahlenberger.de\/wp-content\/uploads\/2025\/08\/IMG_1041-212x300.png 212w, https:\/\/www.strahlenberger.de\/wp-content\/uploads\/2025\/08\/IMG_1041-768x1086.png 768w, https:\/\/www.strahlenberger.de\/wp-content\/uploads\/2025\/08\/IMG_1041-1087x1536.png 1087w, https:\/\/www.strahlenberger.de\/wp-content\/uploads\/2025\/08\/IMG_1041.png 1415w\" sizes=\"(max-width: 724px) 100vw, 724px\" \/><\/figure>\n\n\n\n<figure class=\"wp-block-image size-large\"><img loading=\"lazy\" decoding=\"async\" width=\"724\" height=\"1024\" data-id=\"1468\" src=\"https:\/\/www.strahlenberger.de\/wp-content\/uploads\/2025\/08\/IMG_1029-724x1024.png\" alt=\"\" class=\"wp-image-1468\" srcset=\"https:\/\/www.strahlenberger.de\/wp-content\/uploads\/2025\/08\/IMG_1029-724x1024.png 724w, https:\/\/www.strahlenberger.de\/wp-content\/uploads\/2025\/08\/IMG_1029-212x300.png 212w, https:\/\/www.strahlenberger.de\/wp-content\/uploads\/2025\/08\/IMG_1029-768x1086.png 768w, https:\/\/www.strahlenberger.de\/wp-content\/uploads\/2025\/08\/IMG_1029-1087x1536.png 1087w, https:\/\/www.strahlenberger.de\/wp-content\/uploads\/2025\/08\/IMG_1029.png 1415w\" sizes=\"(max-width: 724px) 100vw, 724px\" \/><\/figure>\n<\/figure>\n\n\n\n<p><\/p>\n\n\n\n<p>Unsere Trainingszeiten:<\/p>\n\n\n\n<p>Immer Dienstag und Mittwochs von 18.00 Uhr bis 22.00 Uhr<\/p>\n\n\n\n<p>In Bennos Bar; Talstrasse 54 hier bei uns in Schriese<\/p>\n\n\n\n<p>Spieltage sind immer Freitags ab 20 Uhr (je nachdem, ob Heim- oder Ausw\u00e4rtsspiel !!!<\/p>\n\n\n\n<p><\/p>\n\n\n\n<p><\/p>\n","protected":false},"excerpt":{"rendered":"<p>Unser Logo Unsere Geschichte Am 28. November 2021 fanden sich 21 Personen in der damaligen Gastronomie \u201ebaRock\u201c zur Gr\u00fcndungssitzung unseres Vereins zusammen. Zuvor existierte dort bereits ein regelm\u00e4\u00dfiger, aber formloser &#8230;<\/p>\n","protected":false},"author":1,"featured_media":0,"parent":0,"menu_order":0,"comment_status":"closed","ping_status":"closed","template":"","meta":{"footnotes":""},"class_list":["post-38","page","type-page","status-publish","hentry"],"_links":{"self":[{"href":"https:\/\/www.strahlenberger.de\/index.php?rest_route=\/wp\/v2\/pages\/38","targetHints":{"allow":["GET"]}}],"collection":[{"href":"https:\/\/www.strahlenberger.de\/index.php?rest_route=\/wp\/v2\/pages"}],"about":[{"href":"https:\/\/www.strahlenberger.de\/index.php?rest_route=\/wp\/v2\/types\/page"}],"author":[{"embeddable":true,"href":"https:\/\/www.strahlenberger.de\/index.php?rest_route=\/wp\/v2\/users\/1"}],"replies":[{"embeddable":true,"href":"https:\/\/www.strahlenberger.de\/index.php?rest_route=%2Fwp%2Fv2%2Fcomments&post=38"}],"version-history":[{"count":119,"href":"https:\/\/www.strahlenberger.de\/index.php?rest_route=\/wp\/v2\/pages\/38\/revisions"}],"predecessor-version":[{"id":2083,"href":"https:\/\/www.strahlenberger.de\/index.php?rest_route=\/wp\/v2\/pages\/38\/revisions\/2083"}],"wp:attachment":[{"href":"https:\/\/www.strahlenberger.de\/index.php?rest_route=%2Fwp%2Fv2%2Fmedia&parent=38"}],"curies":[{"name":"wp","href":"https:\/\/api.w.org\/{rel}","templated":true}]}}